{"id":159,"date":"2018-06-28T21:27:54","date_gmt":"2018-06-28T21:27:54","guid":{"rendered":"https:\/\/xavierbartumeus.com\/?page_id=159"},"modified":"2025-06-07T12:42:29","modified_gmt":"2025-06-07T12:42:29","slug":"sobre-en-bartumeus","status":"publish","type":"page","link":"https:\/\/xavierbartumeus.com\/ca\/sobre-en-bartumeus\/","title":{"rendered":"Sobre en Bartumeus"},"content":{"rendered":"\n<figure class=\"wp-block-video aligncenter\"><video height=\"720\" style=\"aspect-ratio: 1280 \/ 720;\" width=\"1280\" controls poster=\"https:\/\/xavierbartumeus.com\/wp-content\/uploads\/2018\/12\/Cabecera_Video_Entrevista_2.jpg\" src=\"https:\/\/xavierbartumeus.com\/wp-content\/uploads\/2018\/12\/TAVI_P2_Bartumeus_QuilezRiolDomingo.mp4\"><\/video><\/figure>\n\n\n<p><img loading=\"lazy\" decoding=\"async\" class=\"wp-image-124 alignright\" src=\"https:\/\/xavierbartumeus.com\/wp-content\/uploads\/2018\/06\/a85-300x262.jpg\" alt=\"\" width=\"360\" height=\"314\" srcset=\"https:\/\/xavierbartumeus.com\/wp-content\/uploads\/2018\/06\/a85-300x262.jpg 300w, https:\/\/xavierbartumeus.com\/wp-content\/uploads\/2018\/06\/a85-768x671.jpg 768w, https:\/\/xavierbartumeus.com\/wp-content\/uploads\/2018\/06\/a85-500x437.jpg 500w, https:\/\/xavierbartumeus.com\/wp-content\/uploads\/2018\/06\/a85.jpg 865w\" sizes=\"auto, (max-width: 360px) 100vw, 360px\" \/>Xavier\u00a0Bartumeus\u00a0(Manresa, Barcelona, 1965) va estudiar t\u00e8cniques de pintura i procediments art\u00edstics a l&#8217;Escola Massana de Barcelona, on posteriorment exercir\u00e0 la doc\u00e8ncia.<\/p>\n<p>Va obtenir una beca extraordin\u00e0ria per a l&#8217;estudi i perfeccionament de les arts pl\u00e0stiques a la ciutat de Nova York, i finalment es va doctorar en gravat, fotografia i procediments murals.<\/p>\n<p>Va rebre el premi sala Bearn de Mallorca. Va ser membre fundador, al costat de Jos\u00e9 S\u00e1nchez, del moviment La Mirada Expandida, que aglutina artistes de diferents ciutats espanyoles amb l&#8217;objectiu de promoure projectes art\u00edstics i ocupacions d&#8217;espais per a l&#8217;art.<\/p>\n<p>Bartumeus col\u00b7labora com a il\u00b7lustrador en diferents publicacions, i ha col\u00b7laborat en v\u00eddeos creatius per a Marcel\u00b7l\u00ed Ant\u00fanez, de La Fura dels Baus, el director Aixal\u00e0 i Sol Pic\u00f3.<\/p>\n<p>Al llarg de la seva carrera ha celebrat exposicions en diverses ciutats espanyoles, aix\u00ed com a Ucra\u00efna, Estats Units i diversos pa\u00efsos europeus. Dins de les seves mostres cal destacar les celebrades a la sala Picasso de Nova York, la Caja Madrid a Barcelona,\u00a0AlbanyGroup\u00a0en\u00a0Albany\u00a0(Nova York) o la sala\u00a0Biondetta\u00a0de Madrid.<\/p>\n<h3 style=\"text-align: center;\">EXPOSICIONS I ACTIVITATS PRINCIPALS<\/h3>\n<p style=\"text-align: left;\">\u201cLa sala y su entorno\u201d. Sala Paul &amp; CIA, Barcelona. Video, Pintura i Fotograf\u00eda<\/p>\n<p style=\"text-align: left;\">Mis amigos no te olvidan\u201d Sala Hispano 20, Barcelona<\/p>\n<p style=\"text-align: left;\">\u201cPintures\u201d Sala Busquets<\/p>\n<p style=\"text-align: left;\">Colectiva de Pintura Sala Metr\u00f2nom<\/p>\n<p style=\"text-align: left;\">Exposiciones itinerantes per Su\u00efssa, Alemania, Rusia, Ucrania, Francia y Portugal<\/p>\n<p style=\"text-align: left;\">Sala Busquets .La sala estaba desconocida\u201d (Con Carlos Pazos)<\/p>\n<p style=\"text-align: left;\">\u201cDulce Espera Japonesa\u201d Sala CajaMadrid<\/p>\n<p style=\"text-align: left;\">\u201cAgnus Day\u201d. Pintura, cortometraje y electrografia. Transformadors<\/p>\n<p style=\"text-align: left;\">\u201cDon\u2019t paint\u201d. Art Group, Albany, NY, USA<\/p>\n<p style=\"text-align: left;\">Creaci\u00f3n del libro de fotograf\u00eda e ilustraciones \u201cArs Moriendi\u201d<\/p>\n<p style=\"text-align: left;\">\u201cBarceloba\u201d. Sala Picasso, New York, NY, USA<\/p>\n<p style=\"text-align: left;\">\u201cElectrografies\u201d, Pere Quart, Sabadell<\/p>\n<p style=\"text-align: left;\">\u201cL\u2019Art el\u00e8ctric\u201d, Pere Quart, Sabadell<\/p>\n<p style=\"text-align: left;\">\u201cQuatre autors\u201d Rom\u00e0 Arranz, Tom Carr, Oscar Font. Capella de l\u2019antic Hospital de la Santa Creu.Virreina<\/p>\n<p style=\"text-align: left;\">\u201cRe-generacions\u201d Sala Angles de Girona<\/p>\n<p style=\"text-align: left;\">\u201cRetrats\u201d, con Daniel Berdala. Sala Agust\u00ed Massana, Barcelona<\/p>\n<p style=\"text-align: left;\">Exposici\u00f3n de documental 3d y Maya, fotograf\u00edas, plotters y escultura.\u201c Les troballes del doctor Figuerola\u201d<\/p>\n<p style=\"text-align: left;\">Sala Agust\u00ed Massana del Poble Espanyol, Barcelona.Exposici\u00f3 de fotograf\u00eda, v\u00eddeo y escultura<\/p>\n<p style=\"text-align: left;\">Sala Trinitaris, Vilafranca del Pened\u00e9s<\/p>\n<p style=\"text-align: left;\">Exposici\u00f3n itinerante por Europa a cargo del grup \u201cDasWerk-En efecto\u201d<\/p>\n<p style=\"text-align: left;\">El jard\u00ed de la memoria, amb Daniel Berdala, Sala Agust\u00ed Massana. Barcelona<\/p>\n<p style=\"text-align: left;\">\u201cSentiments \u00edntims\u201d Palau de la Merc\u00e9. Girona<\/p>\n<p style=\"text-align: left;\">Sala Biondetta, Madrid, \u201cCon el rigor de los a\u00f1os\u201d Sala \u201cles Voltes\u201d Tarragona<\/p>\n<p style=\"text-align: left;\">Sala Mateo Fortuny , Reus, Tarragona<\/p>\n<p style=\"text-align: left;\">Performance Sala Mateo Fortuny, Reus<\/p>\n<p style=\"text-align: left;\">Integrante \u201cArt V.O\u201d Barcelona<\/p>\n<p style=\"text-align: left;\">Creacion con Sergio Mora, Ram\u00f3n de Jes\u00fas Rodriguez de esculturas para \u201cUniverso Canibal\u201d<\/p>\n<p style=\"text-align: left;\">Exposicion sala Juan Carlos I. Barcelona. Escultura y Pintura<\/p>\n<p style=\"text-align: left;\">Exposici\u00f3n Hotel Miramar Barcelona<\/p>\n<p style=\"text-align: left;\">Creador de litografias para Summit Water, Das werk, En efecto y otros eventos nacionales e internacionales<\/p>\n<p style=\"text-align: left;\">Exposici\u00f3n anual en sala \u201cLa mirada Expandida\u201d Aviny\u00f3, Barcelona<\/p>\n<p style=\"text-align: left;\">Exposici\u00f3n Hotel Juan Carlos I Barcelona<\/p>\n<p style=\"text-align: left;\">Pinturas Magdalena Haurie, Sevilla<\/p>\n<p style=\"text-align: left;\">Sala Alfonso Al\u00e9s. , La L\u00ednea de la Concepci\u00f3n. C\u00e1diz<\/p>\n<p style=\"text-align: left;\">Ttop, La L\u00ednea de la Concepci\u00f3n. C\u00e1diz<br \/>Escenograf\u00eda de \u201cUniverso de trapo\u201d Pintura y fotografia. Para el cantautor Pedro Sosa. Sevilla<\/p>\n<p style=\"text-align: left;\">Pozoblanco, Huelva, C\u00f3rdoba, Madrid, Valencia, Bolivia, etc<\/p>\n<p style=\"text-align: left;\">Colaborador del disco universo de trapo de Pedro Sosa<\/p>\n<p style=\"text-align: left;\">Exposicion en Nuremberg, Alemania, sala Arauco. Pinturas y fotograf\u00eda<\/p>\n<p style=\"text-align: left;\">Ilustraciones de literatura infantil para colecci\u00f3n EDB con el escritor Jordi Sierra i Fabra<\/p>\n<p style=\"text-align: left;\">Premio Escola Massana de Barcelona<\/p>\n<p style=\"text-align: left;\">Creador revista art\u00edstica \u201cDuermevela\u201d<\/p>\n<p style=\"text-align: left;\">\u201cChild to child, apadrinado por Pr\u00edncipe de Asturias<\/p>\n<p style=\"text-align: left;\">Ilustrador revista Play Boy<\/p>\n<p style=\"text-align: left;\">Colaborador como ilustrador a \u201cEl Peri\u00f3dico\u201d, \u201cAvui\u201d y Edicions Anagrama<\/p>\n<p style=\"text-align: left;\">Portadista de novelas del grupo Galaxia Gutemberg<\/p>\n<p style=\"text-align: left;\">\u201cRetrats\u201d Performance amb els Rinos, Sol Pic\u00f3 y Marcel.l\u00ed Ant\u00fanez (La fura dels baus)<\/p>\n<p style=\"text-align: left;\">Premi Sala Bearn de Palma de Mallorca<\/p>\n<p style=\"text-align: left;\">Biennal de Barcelona<\/p>\n<p style=\"text-align: left;\">Premio como ilustrador en cultura y pol\u00edtica del grupp Z<\/p>\n<p style=\"text-align: left;\">Acci\u00f3 urbana \u201cel pirata\u201d amb Toni Riera<\/p>\n<p style=\"text-align: left;\">Libro \u201cPerdues en el temps\u201d con Toni Riera<\/p>\n<p style=\"text-align: left;\">Colecciones privadas en Hawai, Australia, Dinamarca, Francia, Alemania, Kiev, etc.<\/p>\n<p style=\"text-align: left;\">Conferenciante en diversos movimientos y agrupaciones culturales<\/p>\n<p style=\"text-align: left;\">Portadista Haka Books<\/p>\n<p style=\"text-align: left;\">Pinturas en fundaci\u00f3n Jordi Sierra y Fabra<\/p>\n<p style=\"text-align: left;\">Disco \u201cvuelve el flamenco\u201d de Diego el Cigala .Portada y encartado<\/p>\n<p style=\"text-align: left;\">Portadista SIF Editorial<\/p>","protected":false},"excerpt":{"rendered":"<p>Xavier\u00a0Bartumeus\u00a0(Manresa, Barcelona, 1965) va estudiar t\u00e8cniques de pintura i procediments art\u00edstics a l&#8217;Escola Massana de Barcelona, on posteriorment exercir\u00e0 la doc\u00e8ncia. Va obtenir una beca extraordin\u00e0ria per a l&#8217;estudi i perfeccionament de les arts pl\u00e0stiques a la ciutat de Nova York, i finalment es va doctorar en gravat, fotografia i procediments murals. Va rebre el [&hellip;]<\/p>\n","protected":false},"author":1,"featured_media":0,"parent":0,"menu_order":0,"comment_status":"closed","ping_status":"closed","template":"","meta":{"_genesis_hide_title":false,"_genesis_hide_breadcrumbs":false,"_genesis_hide_singular_image":false,"_genesis_hide_footer_widgets":false,"_genesis_custom_body_class":"","_genesis_custom_post_class":"","_genesis_layout":"","footnotes":""},"class_list":{"0":"post-159","1":"page","2":"type-page","3":"status-publish","5":"entry"},"_links":{"self":[{"href":"https:\/\/xavierbartumeus.com\/ca\/wp-json\/wp\/v2\/pages\/159","targetHints":{"allow":["GET"]}}],"collection":[{"href":"https:\/\/xavierbartumeus.com\/ca\/wp-json\/wp\/v2\/pages"}],"about":[{"href":"https:\/\/xavierbartumeus.com\/ca\/wp-json\/wp\/v2\/types\/page"}],"author":[{"embeddable":true,"href":"https:\/\/xavierbartumeus.com\/ca\/wp-json\/wp\/v2\/users\/1"}],"replies":[{"embeddable":true,"href":"https:\/\/xavierbartumeus.com\/ca\/wp-json\/wp\/v2\/comments?post=159"}],"version-history":[{"count":1,"href":"https:\/\/xavierbartumeus.com\/ca\/wp-json\/wp\/v2\/pages\/159\/revisions"}],"predecessor-version":[{"id":786,"href":"https:\/\/xavierbartumeus.com\/ca\/wp-json\/wp\/v2\/pages\/159\/revisions\/786"}],"wp:attachment":[{"href":"https:\/\/xavierbartumeus.com\/ca\/wp-json\/wp\/v2\/media?parent=159"}],"curies":[{"name":"wp","href":"https:\/\/api.w.org\/{rel}","templated":true}]}}