{"id":314,"date":"2018-07-01T15:11:40","date_gmt":"2018-07-01T15:11:40","guid":{"rendered":"https:\/\/xavierbartumeus.com\/?page_id=314"},"modified":"2025-08-06T10:09:47","modified_gmt":"2025-08-06T10:09:47","slug":"contacte","status":"publish","type":"page","link":"https:\/\/xavierbartumeus.com\/ca\/contacte\/","title":{"rendered":"Contacte"},"content":{"rendered":"\n<h4 class=\"wp-block-heading has-text-align-center\">Pots visitar el meu taller, de dilluns a divendres de 10:00 a 14:00 i de 17:00 a 21:00, dissabtes de 10:00 a 14:00<\/h4>\n\n\n\n<p class=\"has-text-align-center\"><em><strong>Ens veiem a Viladomat, 30 de Barcelona<\/strong><\/em><\/p>\n\n\n\n<p class=\"has-text-align-center\">O omple el seg\u00fcent formulari de contacte i em posar\u00e9 en contacte amb tu, el m\u00e9s aviat possible<\/p>\n\n\n\n<div class=\"wpcf7 no-js\" id=\"wpcf7-f816-o1\" lang=\"ca\" dir=\"ltr\" data-wpcf7-id=\"816\">\n<div class=\"screen-reader-response\"><p role=\"status\" aria-live=\"polite\" aria-atomic=\"true\"><\/p> <ul><\/ul><\/div>\n<form action=\"\/ca\/wp-json\/wp\/v2\/pages\/314#wpcf7-f816-o1\" method=\"post\" class=\"wpcf7-form init\" aria-label=\"Formulari de contacte\" novalidate=\"novalidate\" data-status=\"init\">\n<fieldset class=\"hidden-fields-container\"><input type=\"hidden\" name=\"_wpcf7\" value=\"816\" \/><input type=\"hidden\" name=\"_wpcf7_version\" value=\"6.1.5\" \/><input type=\"hidden\" name=\"_wpcf7_locale\" value=\"ca\" \/><input type=\"hidden\" name=\"_wpcf7_unit_tag\" value=\"wpcf7-f816-o1\" \/><input type=\"hidden\" name=\"_wpcf7_container_post\" value=\"0\" \/><input type=\"hidden\" name=\"_wpcf7_posted_data_hash\" value=\"\" \/><input type=\"hidden\" name=\"_wpcf7_recaptcha_response\" value=\"\" \/>\n<\/fieldset>\n<p><label> El teu nom (requerit)<br \/>\n<span class=\"wpcf7-form-control-wrap\" data-name=\"your-name\"><input size=\"40\" maxlength=\"400\" class=\"wpcf7-form-control wpcf7-text wpcf7-validates-as-required\" aria-required=\"true\" aria-invalid=\"false\" value=\"\" type=\"text\" name=\"your-name\" \/><\/span> <\/label>\n<\/p>\n<p><label> El teu correu electr\u00f2nic (requerit)<br \/>\n<span class=\"wpcf7-form-control-wrap\" data-name=\"your-email\"><input size=\"40\" maxlength=\"400\" class=\"wpcf7-form-control wpcf7-email wpcf7-validates-as-required wpcf7-text wpcf7-validates-as-email\" aria-required=\"true\" aria-invalid=\"false\" value=\"\" type=\"email\" name=\"your-email\" \/><\/span> <\/label>\n<\/p>\n<p><label> Assumpte<br \/>\n<span class=\"wpcf7-form-control-wrap\" data-name=\"your-subject\"><input size=\"40\" maxlength=\"400\" class=\"wpcf7-form-control wpcf7-text\" aria-invalid=\"false\" value=\"\" type=\"text\" name=\"your-subject\" \/><\/span> <\/label>\n<\/p>\n<p><label> El teu missatge<br \/>\n<span class=\"wpcf7-form-control-wrap\" data-name=\"your-message\"><textarea cols=\"40\" rows=\"10\" maxlength=\"2000\" class=\"wpcf7-form-control wpcf7-textarea\" aria-invalid=\"false\" name=\"your-message\"><\/textarea><\/span> <\/label>\n<\/p>\n<ul>\n \t<b>* Fi del tractament de les dades:<\/b> Respondre a les teves comunicacions\n \t<b>* Comunicaci\u00f3 de les dades:<\/b> No es comunicaran les dades a tercers excepte per obligaci\u00f3 legal\n \t<b>* Drets:<\/b> Acc\u00e9s, rectificaci\u00f3, portabilitat, oblit.\n \t<b>* Contacte:<\/b> contacto@xavierbartumeus.com\n \t<b>* Informaci\u00f3 addicional:<\/b> Consulta la informaci\u00f3 detallada sobre Protecci\u00f3 de Dades en la nostra <a target=\"_blank\" rel=\"nofollow noopener noreferrer\" href=\"https:\/\/xavierbartumeus.com\/ca\/politica-de-privacidad\/\">Pol\u00edtica de Privacitat<\/a>\n<\/ul>\n<p><span class=\"wpcf7-form-control-wrap\" data-name=\"acceptance-279\"><span class=\"wpcf7-form-control wpcf7-acceptance\"><span class=\"wpcf7-list-item\"><label><input type=\"checkbox\" name=\"acceptance-279\" value=\"1\" aria-invalid=\"false\" \/><span class=\"wpcf7-list-item-label\">He llegit i accepto l' <a target=\"_blank\" rel=\"nofollow noopener noreferrer\" href=\"https:\/\/xavierbartumeus.com\/ca\/avisos-legales\/\">Av\u00eds Legal<\/a> i la <a target=\"_blank\" rel=\"nofollow noopener noreferrer\" href=\"https:\/\/xavierbartumeus.com\/ca\/politica-de-privacidad\/\">Pol\u00edtica de Privacitat<\/a><\/span><\/label><\/span><\/span><\/span>\n<\/p>\n\n<p><input class=\"wpcf7-form-control wpcf7-submit has-spinner\" type=\"submit\" value=\"Enviar\" \/>\n<\/p><div class=\"wpcf7-response-output\" aria-hidden=\"true\"><\/div>\n<\/form>\n<\/div>\n\n\n\n","protected":false},"excerpt":{"rendered":"<p>Pots visitar el meu taller, de dilluns a divendres de 10:00 a 14:00 i de 17:00 a 21:00, dissabtes de 10:00 a 14:00 Ens veiem a Viladomat, 30 de Barcelona O omple el seg\u00fcent formulari de contacte i em posar\u00e9 en contacte amb tu, el m\u00e9s aviat possible<\/p>\n","protected":false},"author":1,"featured_media":0,"parent":0,"menu_order":0,"comment_status":"closed","ping_status":"closed","template":"","meta":{"_genesis_hide_title":false,"_genesis_hide_breadcrumbs":false,"_genesis_hide_singular_image":false,"_genesis_hide_footer_widgets":false,"_genesis_custom_body_class":"","_genesis_custom_post_class":"","_genesis_layout":"","footnotes":""},"class_list":{"0":"post-314","1":"page","2":"type-page","3":"status-publish","5":"entry"},"_links":{"self":[{"href":"https:\/\/xavierbartumeus.com\/ca\/wp-json\/wp\/v2\/pages\/314","targetHints":{"allow":["GET"]}}],"collection":[{"href":"https:\/\/xavierbartumeus.com\/ca\/wp-json\/wp\/v2\/pages"}],"about":[{"href":"https:\/\/xavierbartumeus.com\/ca\/wp-json\/wp\/v2\/types\/page"}],"author":[{"embeddable":true,"href":"https:\/\/xavierbartumeus.com\/ca\/wp-json\/wp\/v2\/users\/1"}],"replies":[{"embeddable":true,"href":"https:\/\/xavierbartumeus.com\/ca\/wp-json\/wp\/v2\/comments?post=314"}],"version-history":[{"count":2,"href":"https:\/\/xavierbartumeus.com\/ca\/wp-json\/wp\/v2\/pages\/314\/revisions"}],"predecessor-version":[{"id":822,"href":"https:\/\/xavierbartumeus.com\/ca\/wp-json\/wp\/v2\/pages\/314\/revisions\/822"}],"wp:attachment":[{"href":"https:\/\/xavierbartumeus.com\/ca\/wp-json\/wp\/v2\/media?parent=314"}],"curies":[{"name":"wp","href":"https:\/\/api.w.org\/{rel}","templated":true}]}}