{"id":494,"date":"2018-07-03T20:59:54","date_gmt":"2018-07-03T20:59:54","guid":{"rendered":"https:\/\/xavierbartumeus.com\/?page_id=494"},"modified":"2018-07-03T20:59:54","modified_gmt":"2018-07-03T20:59:54","slug":"politica-de-privacidad","status":"publish","type":"page","link":"https:\/\/xavierbartumeus.com\/ca\/politica-de-privacidad\/","title":{"rendered":"Pol\u00edtica de privacidad"},"content":{"rendered":"<h2>Qui\u00e9nes somos<\/h2>\n<p>La web https:\/\/xavierbartumeus.com, es propiedad de Xavier Bartumeus Castillo, en adelante Art Bartumeus, con DNI\u00a0 37746312T y domicilio en la calle Bail\u00e9n 119 de Barcelona y\u00a0su finalidad es exponer y dar a conocer su obra pl\u00e0stica.<\/p>\n<h2>Propiedad Intelectual<\/h2>\n<p>Todas las im\u00e1genes publicadas son propiedad de Art Bartumeus, estando todos los derechos reservados, no pudiendo ser utilizadas sin su consentimiento expreso.<\/p>\n<h2>Qu\u00e9 datos personales recogemos y por qu\u00e9 los recogemos<\/h2>\n<h3>Formularios de contacto<\/h3>\n<p>El \u00fanico formulario en la web, es el de contacto para comunicarse con el Art Bartumeus, los datos recogidos en el mismo, tienen la \u00fanica finalidad de responder a las comunicaciones del usuario, estos datos no van a ser cedidos a terceros ni utilizados para cualquier otra finalidad.<\/p>\n<h3>Cookies<\/h3>\n<p>Cuando inicias sesi\u00f3n,\u00a0 instalaremos varias cookies para guardar tu informaci\u00f3n de inicio de sesi\u00f3n y tus opciones de visualizaci\u00f3n de pantalla. Las cookies de inicio de sesi\u00f3n duran dos d\u00edas, y las cookies de opciones de pantalla duran un a\u00f1o.<\/p>\n<h3>Contenido incrustado de otros sitios web<\/h3>\n<p>Los art\u00edculos de este sitio pueden incluir contenido incrustado (por ejemplo, v\u00eddeos, im\u00e1genes, art\u00edculos, etc.). El contenido incrustado de otras web se comporta exactamente de la misma manera que si el visitante hubiera visitado la otra web.<\/p>\n<p>Estas web pueden recopilar datos sobre ti, utilizar cookies, incrustar un seguimiento adicional de terceros, y supervisar tu interacci\u00f3n con ese contenido incrustado, incluido el seguimiento de su interacci\u00f3n con el contenido incrustado si tienes una cuenta y est\u00e1s conectado a esa web.<\/p>\n<h2>Con qui\u00e9n compartimos tus datos<\/h2>\n<p>Tus datos no ser\u00e1n compartidos con terceros, para ninguna finalidad.<\/p>\n<h2>Qu\u00e9 derechos tienes sobre tus datos<\/h2>\n<p>Puedes solicitar la eliminaci\u00f3n o rectificaci\u00f3n de cualquier dato personal que tengamos sobre ti. Puedes hacerlo mediante correo electronico, dirigido a admin@xavierbartumeus.com Esto no incluye ning\u00fan dato que estemos obligados a conservar con fines administrativos, legales o de seguridad.<\/p>\n<h2>D\u00f3nde enviamos tus datos<\/h2>\n<p>Los comentarios de los visitantes puede que los revise un servicio de detecci\u00f3n autom\u00e1tica de spam.<\/p>\n<h2>Informaci\u00f3n adicional<\/h2>\n<h3>C\u00f3mo protegemos tus datos<\/h3>\n<p>Tus datos se mantienen en nuestra base de datos, alojada en nuestro proveedor de servicios Sitegroud Spain, S.L. que cumple con todas las exigencias del Reglamento General de Protecci\u00f3n de Datos (RGPD) y cuenta con las mas actuales condiciones de seguridad.<\/p>\n<h3>Qu\u00e9 procedimientos utilizamos contra las brechas de datos<\/h3>\n<p>En el caso de que tus datos hayan sido afectados por alg\u00fan ataque externo o fallo de seguridad, te lo comunicaremos en un plazo m\u00e1ximo de 72 h por medio de correo electr\u00f3nico.<\/p>\n<h3><\/h3>\n","protected":false},"excerpt":{"rendered":"<p>Qui\u00e9nes somos La web https:\/\/xavierbartumeus.com, es propiedad de Xavier Bartumeus Castillo, en adelante Art Bartumeus, con DNI\u00a0 37746312T y domicilio en la calle Bail\u00e9n 119 de Barcelona y\u00a0su finalidad es exponer y dar a conocer su obra pl\u00e0stica. Propiedad Intelectual Todas las im\u00e1genes publicadas son propiedad de Art Bartumeus, estando todos los derechos reservados, no [&hellip;]<\/p>\n","protected":false},"author":1,"featured_media":0,"parent":0,"menu_order":0,"comment_status":"closed","ping_status":"closed","template":"","meta":{"_genesis_hide_title":false,"_genesis_hide_breadcrumbs":false,"_genesis_hide_singular_image":false,"_genesis_hide_footer_widgets":false,"_genesis_custom_body_class":"","_genesis_custom_post_class":"","_genesis_layout":"","footnotes":""},"class_list":{"0":"post-494","1":"page","2":"type-page","3":"status-publish","5":"entry"},"_links":{"self":[{"href":"https:\/\/xavierbartumeus.com\/ca\/wp-json\/wp\/v2\/pages\/494","targetHints":{"allow":["GET"]}}],"collection":[{"href":"https:\/\/xavierbartumeus.com\/ca\/wp-json\/wp\/v2\/pages"}],"about":[{"href":"https:\/\/xavierbartumeus.com\/ca\/wp-json\/wp\/v2\/types\/page"}],"author":[{"embeddable":true,"href":"https:\/\/xavierbartumeus.com\/ca\/wp-json\/wp\/v2\/users\/1"}],"replies":[{"embeddable":true,"href":"https:\/\/xavierbartumeus.com\/ca\/wp-json\/wp\/v2\/comments?post=494"}],"version-history":[{"count":0,"href":"https:\/\/xavierbartumeus.com\/ca\/wp-json\/wp\/v2\/pages\/494\/revisions"}],"wp:attachment":[{"href":"https:\/\/xavierbartumeus.com\/ca\/wp-json\/wp\/v2\/media?parent=494"}],"curies":[{"name":"wp","href":"https:\/\/api.w.org\/{rel}","templated":true}]}}